{"id":2132,"date":"2022-11-03T13:24:40","date_gmt":"2022-11-03T12:24:40","guid":{"rendered":"http:\/\/waldwelten-thueringen.de\/?page_id=2132"},"modified":"2023-01-03T17:21:34","modified_gmt":"2023-01-03T16:21:34","slug":"alle-angebote","status":"publish","type":"page","link":"http:\/\/waldwelten-thueringen.de\/?page_id=2132","title":{"rendered":"Meine Angebote"},"content":{"rendered":"\n<div class=\"wp-block-uagb-container uagb-block-f7692b35 alignfull uagb-is-root-container\"><div class=\"uagb-container-inner-blocks-wrap\">\n<div class=\"wp-block-uagb-advanced-heading uagb-block-814a34c0\"><h1 class=\"uagb-heading-text\">Meine Angebote<\/h1><\/div>\n<\/div><\/div>\n\n\n\n<div class=\"wp-block-uagb-container uagb-block-2834ed39 alignfull uagb-is-root-container\"><div class=\"uagb-container-inner-blocks-wrap\">\n<div class=\"wp-block-uagb-advanced-heading uagb-block-22110b4a\"><div class=\"uagb-separator\"><\/div><p class=\"uagb-desc-text\">&#8230; richten sich an Menschen, die die Natur gerne als Erfahrungs- und Entwicklungsraum f\u00fcr Kinder, Jugendliche und Erwachsene nutzen m\u00f6chten. In meinen <a href=\"http:\/\/waldwelten-thueringen.de\/?page_id=2273\" title=\"\">Weiterbildungen<\/a><strong> <\/strong>vermittele ich dazu vielf\u00e4ltige Ideen, praktische Anregungen sowie wichtiges Hintergrundwissen f\u00fcr diese Arbeit.<br><br>Menschen, die die heilsame Wirkung der Natur f\u00fcr sich selbst erleben und nutzen&nbsp;m\u00f6chten, biete ich <a href=\"http:\/\/waldwelten-thueringen.de\/?page_id=2155\" title=\"\">Coaching und Prozessbegleitung<\/a><strong> <\/strong>in der Natur&nbsp;sowie \u201e<a href=\"http:\/\/waldwelten-thueringen.de\/?page_id=2138\" title=\"\">Waldbaden<\/a>\u201c als M\u00f6glichkeit zur Stressbew\u00e4ltigung und Achtsamkeit an.<\/p><\/div>\n<\/div><\/div>\n\n\n\n<div class=\"wp-block-uagb-container uagb-block-7d8618ec alignfull uagb-is-root-container\"><div class=\"uagb-container-inner-blocks-wrap\">\n<div style=\"height:50px\" aria-hidden=\"true\" class=\"wp-block-spacer\"><\/div>\n<\/div><\/div>\n\n\n\n<div class=\"wp-block-uagb-container uagb-block-fb876e91 alignfull uagb-is-root-container\"><div class=\"uagb-container-inner-blocks-wrap\">\n<div class=\"wp-block-uagb-container uagb-block-537cb25a\">\n<div class=\"wp-block-uagb-advanced-heading uagb-block-a8910fd7\"><h2 class=\"uagb-heading-text\"><strong>Inhouse Weiterbildung<\/strong><\/h2><p class=\"uagb-desc-text\">&nbsp;\u201eWaldzeiten vielf\u00e4ltig und sicher gestalten\u201c<\/p><\/div>\n\n\n\n<div class=\"wp-block-uagb-buttons uagb-buttons__outer-wrap uagb-btn__default-btn uagb-btn-tablet__default-btn uagb-btn-mobile__default-btn uagb-block-ab6c7da9\"><div class=\"uagb-buttons__wrap uagb-buttons-layout-wrap\">\n<div class=\"wp-block-uagb-buttons-child uagb-buttons__outer-wrap uagb-block-1e8603f1 wp-block-button is-style-outline\"><div class=\"uagb-button__wrapper\"><a class=\"uagb-buttons-repeater wp-block-button__link\" href=\"\/\/waldwelten-thueringen.de\/?page_id=2143\" rel=\"follow noopener\" target=\"_self\"><div class=\"uagb-button__link\">mehr erfahren<\/div><\/a><\/div><\/div>\n<\/div><\/div>\n<\/div>\n\n\n\n<div class=\"wp-block-uagb-container uagb-block-1e94139f\">\n<div class=\"wp-block-uagb-advanced-heading uagb-block-eec5447f\"><h2 class=\"uagb-heading-text\">Ausbildung Naturp\u00e4dagogik<\/h2><p class=\"uagb-desc-text\">\u00fcber 12 Monate und 6 Module<br>(in Kooperation mit ELAN e.V.)<\/p><\/div>\n\n\n\n<div class=\"wp-block-uagb-buttons uagb-buttons__outer-wrap uagb-btn__default-btn uagb-btn-tablet__default-btn uagb-btn-mobile__default-btn uagb-block-760638ca\"><div class=\"uagb-buttons__wrap uagb-buttons-layout-wrap\">\n<div class=\"wp-block-uagb-buttons-child uagb-buttons__outer-wrap uagb-block-9f6605fb wp-block-button is-style-outline\"><div class=\"uagb-button__wrapper\"><a class=\"uagb-buttons-repeater wp-block-button__link\" href=\"https:\/\/elanev.de\/aus_und_fortbildung\/ausbildung-naturpaedagogik\/\" rel=\"follow noopener\" target=\"_self\"><div class=\"uagb-button__link\">mehr erfahren<\/div><\/a><\/div><\/div>\n<\/div><\/div>\n<\/div>\n\n\n\n<div class=\"wp-block-uagb-container uagb-block-c477654d\">\n<div class=\"wp-block-uagb-advanced-heading uagb-block-f68da21d\"><h2 class=\"uagb-heading-text\"><strong><strong>Teamtage<\/strong><\/strong><\/h2><p class=\"uagb-desc-text\">Als Team zusammenwachsen durch gemeinsame Erlebnisse in der Natur<\/p><\/div>\n\n\n\n<div class=\"wp-block-uagb-buttons uagb-buttons__outer-wrap uagb-btn__default-btn uagb-btn-tablet__default-btn uagb-btn-mobile__default-btn uagb-block-3fe11f2b\"><div class=\"uagb-buttons__wrap uagb-buttons-layout-wrap\">\n<div class=\"wp-block-uagb-buttons-child uagb-buttons__outer-wrap uagb-block-9b9884e5 wp-block-button is-style-outline\"><div class=\"uagb-button__wrapper\"><a class=\"uagb-buttons-repeater wp-block-button__link\" href=\"\/\/waldwelten-thueringen.de\/?page_id=2265\" rel=\"follow noopener\" target=\"_self\"><div class=\"uagb-button__link\">mehr erfahren<\/div><\/a><\/div><\/div>\n<\/div><\/div>\n<\/div>\n\n\n\n<div class=\"wp-block-uagb-container uagb-block-d5e18cda\">\n<div class=\"wp-block-uagb-advanced-heading uagb-block-ea5c01fb\"><h2 class=\"uagb-heading-text\"><strong><strong>Waldbaden<\/strong><\/strong><\/h2><p class=\"uagb-desc-text\">Stressbew\u00e4ltigung, Achtsamkeit und Entspannung in der Natur<\/p><\/div>\n\n\n\n<div class=\"wp-block-uagb-buttons uagb-buttons__outer-wrap uagb-btn__default-btn uagb-btn-tablet__default-btn uagb-btn-mobile__default-btn uagb-block-ff5d1700\"><div class=\"uagb-buttons__wrap uagb-buttons-layout-wrap\">\n<div class=\"wp-block-uagb-buttons-child uagb-buttons__outer-wrap uagb-block-39e4ade5 wp-block-button is-style-outline\"><div class=\"uagb-button__wrapper\"><a class=\"uagb-buttons-repeater wp-block-button__link\" href=\"http:\/\/waldwelten-thueringen.de\/?page_id=2138\" rel=\"follow noopener\" target=\"_self\"><div class=\"uagb-button__link\">mehr erfahren<\/div><\/a><\/div><\/div>\n<\/div><\/div>\n<\/div>\n\n\n\n<div class=\"wp-block-uagb-container uagb-block-111b9222\">\n<div class=\"wp-block-uagb-advanced-heading uagb-block-a99ec03f\"><h2 class=\"uagb-heading-text\"><strong><strong>Coaching in der Natur<\/strong><\/strong><\/h2><p class=\"uagb-desc-text\">Begleitung und Unterst\u00fctzung, Gestaltung von \u00dcberg\u00e4ngen<\/p><\/div>\n\n\n\n<div class=\"wp-block-uagb-buttons uagb-buttons__outer-wrap uagb-btn__default-btn uagb-btn-tablet__default-btn uagb-btn-mobile__default-btn uagb-block-69dde415\"><div class=\"uagb-buttons__wrap uagb-buttons-layout-wrap\">\n<div class=\"wp-block-uagb-buttons-child uagb-buttons__outer-wrap uagb-block-0ae27054 wp-block-button is-style-outline\"><div class=\"uagb-button__wrapper\"><a class=\"uagb-buttons-repeater wp-block-button__link\" href=\"\/\/waldwelten-thueringen.de\/?page_id=2155\" rel=\"follow noopener\" target=\"_self\"><div class=\"uagb-button__link\">mehr erfahren<\/div><\/a><\/div><\/div>\n<\/div><\/div>\n<\/div>\n\n\n\n<div class=\"wp-block-uagb-container uagb-block-bb1c8c09\">\n<div class=\"wp-block-uagb-advanced-heading uagb-block-879647c2\"><h2 class=\"uagb-heading-text\"><strong>Schwelleng\u00e4nge<\/strong>\/ <strong><strong>Medizinwanderungen<\/strong><\/strong><\/h2><p class=\"uagb-desc-text\">Im Spiegel der Natur Klarheit finden<\/p><\/div>\n\n\n\n<div class=\"wp-block-uagb-buttons uagb-buttons__outer-wrap uagb-btn__default-btn uagb-btn-tablet__default-btn uagb-btn-mobile__default-btn uagb-block-29f8c5f5\"><div class=\"uagb-buttons__wrap uagb-buttons-layout-wrap\">\n<div class=\"wp-block-uagb-buttons-child uagb-buttons__outer-wrap uagb-block-01b36a73 wp-block-button is-style-outline\"><div class=\"uagb-button__wrapper\"><a class=\"uagb-buttons-repeater wp-block-button__link\" href=\"\/\/waldwelten-thueringen.de\/?page_id=2253\" rel=\"follow noopener\" target=\"_self\"><div class=\"uagb-button__link\">mehr erfahren<\/div><\/a><\/div><\/div>\n<\/div><\/div>\n<\/div>\n\n\n\n<div class=\"wp-block-uagb-container uagb-block-dac6711f\">\n<div class=\"wp-block-uagb-advanced-heading uagb-block-691d74ce\"><h2 class=\"uagb-heading-text\"><strong><strong>Angebote f\u00fcr Kinder- und Jugendgruppen<\/strong><\/strong><\/h2><p class=\"uagb-desc-text\">zu verschiedenen Themen<\/p><\/div>\n\n\n\n<div class=\"wp-block-uagb-buttons uagb-buttons__outer-wrap uagb-btn__default-btn uagb-btn-tablet__default-btn uagb-btn-mobile__default-btn uagb-block-c9056794\"><div class=\"uagb-buttons__wrap uagb-buttons-layout-wrap\">\n<div class=\"wp-block-uagb-buttons-child uagb-buttons__outer-wrap uagb-block-55fe582d wp-block-button is-style-outline\"><div class=\"uagb-button__wrapper\"><a class=\"uagb-buttons-repeater wp-block-button__link\" href=\"\/\/waldwelten-thueringen.de\/?page_id=2225\" rel=\"follow noopener\" target=\"_self\"><div class=\"uagb-button__link\">mehr erfahren<\/div><\/a><\/div><\/div>\n<\/div><\/div>\n<\/div>\n\n\n\n<div class=\"wp-block-uagb-container uagb-block-b3aaa723\">\n<div class=\"wp-block-uagb-advanced-heading uagb-block-7a30a1e9\"><h2 class=\"uagb-heading-text\"><strong><strong>Weiterbildungen<\/strong><\/strong><\/h2><p class=\"uagb-desc-text\">vertiefend zu weiteren Themen<\/p><\/div>\n\n\n\n<div class=\"wp-block-uagb-buttons uagb-buttons__outer-wrap uagb-btn__default-btn uagb-btn-tablet__default-btn uagb-btn-mobile__default-btn uagb-block-c036d8c1\"><div class=\"uagb-buttons__wrap uagb-buttons-layout-wrap\">\n<div class=\"wp-block-uagb-buttons-child uagb-buttons__outer-wrap uagb-block-7e33185c wp-block-button is-style-outline\"><div class=\"uagb-button__wrapper\"><a class=\"uagb-buttons-repeater wp-block-button__link\" href=\"\/\/waldwelten-thueringen.de\/?page_id=2273\" rel=\"follow noopener\" target=\"_self\"><div class=\"uagb-button__link\">mehr erfahren<\/div><\/a><\/div><\/div>\n<\/div><\/div>\n<\/div>\n<\/div><\/div>\n\n\n\n<div class=\"wp-block-uagb-container uagb-block-0920fd94 alignfull uagb-is-root-container\"><div class=\"uagb-container-inner-blocks-wrap\">\n<div style=\"height:50px\" aria-hidden=\"true\" class=\"wp-block-spacer\"><\/div>\n<\/div><\/div>\n","protected":false},"excerpt":{"rendered":"","protected":false},"author":1,"featured_media":0,"parent":0,"menu_order":0,"comment_status":"closed","ping_status":"closed","template":"","meta":{"om_disable_all_campaigns":false,"_monsterinsights_skip_tracking":false,"_monsterinsights_sitenote_active":false,"_monsterinsights_sitenote_note":"","_monsterinsights_sitenote_category":0,"site-sidebar-layout":"no-sidebar","site-content-layout":"plain-container","ast-global-header-display":"","ast-main-header-display":"","ast-hfb-above-header-display":"","ast-hfb-below-header-display":"","ast-hfb-mobile-header-display":"","site-post-title":"disabled","ast-breadcrumbs-content":"","ast-featured-img":"","footer-sml-layout":"","theme-transparent-header-meta":"enabled","adv-header-id-meta":"","stick-header-meta":"","header-above-stick-meta":"","header-main-stick-meta":"","header-below-stick-meta":"","footnotes":""},"class_list":["post-2132","page","type-page","status-publish","hentry"],"aioseo_notices":[],"uagb_featured_image_src":{"full":false,"thumbnail":false,"medium":false,"medium_large":false,"large":false,"1536x1536":false,"2048x2048":false},"uagb_author_info":{"display_name":"admin","author_link":"http:\/\/waldwelten-thueringen.de\/?author=1"},"uagb_comment_info":0,"uagb_excerpt":null,"_links":{"self":[{"href":"http:\/\/waldwelten-thueringen.de\/index.php?rest_route=\/wp\/v2\/pages\/2132","targetHints":{"allow":["GET"]}}],"collection":[{"href":"http:\/\/waldwelten-thueringen.de\/index.php?rest_route=\/wp\/v2\/pages"}],"about":[{"href":"http:\/\/waldwelten-thueringen.de\/index.php?rest_route=\/wp\/v2\/types\/page"}],"author":[{"embeddable":true,"href":"http:\/\/waldwelten-thueringen.de\/index.php?rest_route=\/wp\/v2\/users\/1"}],"replies":[{"embeddable":true,"href":"http:\/\/waldwelten-thueringen.de\/index.php?rest_route=%2Fwp%2Fv2%2Fcomments&post=2132"}],"version-history":[{"count":35,"href":"http:\/\/waldwelten-thueringen.de\/index.php?rest_route=\/wp\/v2\/pages\/2132\/revisions"}],"predecessor-version":[{"id":2430,"href":"http:\/\/waldwelten-thueringen.de\/index.php?rest_route=\/wp\/v2\/pages\/2132\/revisions\/2430"}],"wp:attachment":[{"href":"http:\/\/waldwelten-thueringen.de\/index.php?rest_route=%2Fwp%2Fv2%2Fmedia&parent=2132"}],"curies":[{"name":"wp","href":"https:\/\/api.w.org\/{rel}","templated":true}]}}