{"id":2273,"date":"2022-11-03T13:17:11","date_gmt":"2022-11-03T12:17:11","guid":{"rendered":"http:\/\/waldwelten-thueringen.de\/?page_id=2273"},"modified":"2022-11-10T12:13:23","modified_gmt":"2022-11-10T11:13:23","slug":"weiterbildungen","status":"publish","type":"page","link":"http:\/\/waldwelten-thueringen.de\/?page_id=2273","title":{"rendered":"Weiterbildungen"},"content":{"rendered":"\n<div class=\"wp-block-uagb-container uagb-block-47ddf399 alignfull uagb-is-root-container\"><div class=\"uagb-container-inner-blocks-wrap\">\n<div class=\"wp-block-uagb-advanced-heading uagb-block-8c1bc656\"><h1 class=\"uagb-heading-text\"><strong>Weiterbildungen<\/strong><\/h1><\/div>\n<\/div><\/div>\n\n\n\n<div class=\"wp-block-uagb-container uagb-block-b2b22dbd alignfull uagb-is-root-container\"><div class=\"uagb-container-inner-blocks-wrap\">\n<div style=\"height:50px\" aria-hidden=\"true\" class=\"wp-block-spacer\"><\/div>\n<\/div><\/div>\n\n\n\n<div class=\"wp-block-uagb-container uagb-block-db4963d9 alignfull uagb-is-root-container\"><div class=\"uagb-container-inner-blocks-wrap\">\n<div class=\"wp-block-uagb-container uagb-block-410cb701\">\n<div class=\"wp-block-uagb-info-box uagb-block-c9915f7b uagb-infobox__content-wrap  uagb-infobox-icon-above-title uagb-infobox-image-valign-top\"><div class=\"uagb-ifb-content\"><div class=\"uagb-ifb-title-wrap\"><h2 class=\"uagb-ifb-title\">Workshopeinheiten zu verschiedenen Themen:<\/h2><\/div><div class=\"uagb-ifb-separator\"><\/div><p class=\"uagb-ifb-desc\">F\u00fcr interessierte Teams in Einrichtungen, Studierende oder andere Gruppen biete ich vertiefende Weiterbildungen zu den folgenden Themenbereichen an. Diese k\u00f6nnen auch kombiniert werden.<br>Dauer pro Themenbereich je nach Inhalt, Ort&nbsp;und Witterung zwischen 2 und 3 Stunden.<\/p><\/div><\/div>\n<\/div>\n\n\n\n<div class=\"wp-block-uagb-container uagb-block-717ef827\">\n<div class=\"wp-block-uagb-image uagb-block-a9fc7a7c wp-block-uagb-image--layout-default wp-block-uagb-image--effect-static wp-block-uagb-image--align-none\"><figure class=\"wp-block-uagb-image__figure\"><img decoding=\"async\" srcset=\"http:\/\/waldwelten-thueringen.de\/wp-content\/uploads\/2022\/10\/DSC_9631-1024x678.jpg \" src=\"http:\/\/waldwelten-thueringen.de\/wp-content\/uploads\/2022\/10\/DSC_9631-1024x678.jpg\" alt=\"\" class=\"uag-image-2196\" width=\"\" height=\"\" title=\"\"\/><\/figure><\/div>\n<\/div>\n<\/div><\/div>\n\n\n\n<div class=\"wp-block-uagb-container uagb-block-d0cf6f00 alignfull uagb-is-root-container\"><div class=\"uagb-container-inner-blocks-wrap\">\n<div style=\"height:50px\" aria-hidden=\"true\" class=\"wp-block-spacer\"><\/div>\n<\/div><\/div>\n\n\n\n<div class=\"wp-block-uagb-container uagb-block-de40be1e alignfull uagb-is-root-container\"><div class=\"uagb-container-inner-blocks-wrap\">\n<div style=\"height:50px\" aria-hidden=\"true\" class=\"wp-block-spacer\"><\/div>\n\n\n\n<div class=\"wp-block-uagb-container uagb-block-3ef379a7\">\n<div class=\"wp-block-uagb-info-box uagb-block-1aa15176 uagb-infobox__content-wrap  uagb-infobox-icon-above-title uagb-infobox-image-valign-top\"><div class=\"uagb-ifb-content\"><div class=\"uagb-ifb-icon-wrap\"><svg xmlns=\"https:\/\/www.w3.org\/2000\/svg\" viewBox=\"0 0 384 512\"><path d=\"M384 319.1C384 425.9 297.9 512 192 512s-192-86.13-192-192c0-58.67 27.82-106.8 54.57-134.1C69.54 169.3 96 179.8 96 201.5v85.5c0 35.17 27.97 64.5 63.16 64.94C194.9 352.5 224 323.6 224 288c0-88-175.1-96.12-52.15-277.2c13.5-19.72 44.15-10.77 44.15 13.03C215.1 127 384 149.7 384 319.1z\"><\/path><\/svg><\/div><div class=\"uagb-ifb-title-wrap\"><h3 class=\"uagb-ifb-title\">Feuer<\/h3><\/div><p class=\"uagb-ifb-desc\">Neben der Besch\u00e4ftigung mit der Frage, wie die Menschen das Feuer z\u00e4hmten und welche Bedeutung es f\u00fcr die Menschen fr\u00fcher und heute hat, wollen wir uns mit verschiedenen Techniken vertraut machen, ein Feuer aufzubauen und zu entfachen.&nbsp; Wenn das Feuer brennt, k\u00f6nnen wir \u00fcben, es m\u00f6glichst rauchfrei brennen zu lassen. Zudem werden wir uns zum Abschluss eine kleine Leckerei am Feuer zubereiten.<\/p><\/div><\/div>\n<\/div>\n\n\n\n<div class=\"wp-block-uagb-container uagb-block-af3dc33b\">\n<div class=\"wp-block-uagb-info-box uagb-block-f2a35208 uagb-infobox__content-wrap  uagb-infobox-icon-above-title uagb-infobox-image-valign-top\"><div class=\"uagb-ifb-content\"><div class=\"uagb-ifb-icon-wrap\"><svg xmlns=\"https:\/\/www.w3.org\/2000\/svg\" viewBox=\"0 0 512 512\"><path d=\"M256 224c-79.37 0-191.1 122.7-191.1 200.2C64.02 459.1 90.76 480 135.8 480C184.6 480 216.9 454.9 256 454.9C295.5 454.9 327.9 480 376.2 480c44.1 0 71.74-20.88 71.74-55.75C447.1 346.8 335.4 224 256 224zM108.8 211.4c-10.37-34.62-42.5-57.12-71.62-50.12S-7.104 202 3.27 236.6C13.64 271.3 45.77 293.8 74.89 286.8S119.1 246 108.8 211.4zM193.5 190.6c30.87-8.125 46.37-49.1 34.5-93.37s-46.5-71.1-77.49-63.87c-30.87 8.125-46.37 49.1-34.5 93.37C127.9 170.1 162.5 198.8 193.5 190.6zM474.9 161.3c-29.12-6.1-61.25 15.5-71.62 50.12c-10.37 34.63 4.75 68.37 33.87 75.37c29.12 6.1 61.12-15.5 71.62-50.12C519.1 202 503.1 168.3 474.9 161.3zM318.5 190.6c30.1 8.125 65.62-20.5 77.49-63.87c11.87-43.37-3.625-85.25-34.5-93.37c-30.1-8.125-65.62 20.5-77.49 63.87C272.1 140.6 287.6 182.5 318.5 190.6z\"><\/path><\/svg><\/div><div class=\"uagb-ifb-title-wrap\"><h3 class=\"uagb-ifb-title\">Auf den Spuren der Tiere<\/h3><\/div><p class=\"uagb-ifb-desc\">In der Natur umgeben uns Tiere so gut wie immer \u2013 aber meist f\u00fcr uns unsichtbar. Sie hinterlassen aber deutliche Zeichen und Spuren, an denen wir erkennen k\u00f6nnen, welches wo gewesen ist und was es dort gemacht hat. Oft k\u00f6nnen wir diese aber nicht deuten oder \u00fcbersehen sie einfach. Daher wollen wir gemeinsam in die verborgenen Welten der Waldtiere eintauchen und diese Zeichen wieder entschl\u00fcsseln lernen. Ganz nebenbei eignen wir uns dar\u00fcber eine Menge Informationen \u00fcber die Verhaltens- und Lebensweisen der verschiedenen Tiere an. Bei Schnee k\u00f6nnen wir uns im Lesen der F\u00e4hrten der Tiere \u00fcben und dabei ganz besonders viel \u00fcber die verschiedenen Tiere erfahren.<\/p><\/div><\/div>\n<\/div>\n\n\n\n<div class=\"wp-block-uagb-container uagb-block-68c1c41e\">\n<div class=\"wp-block-uagb-info-box uagb-block-afd90dee uagb-infobox__content-wrap  uagb-infobox-icon-above-title uagb-infobox-image-valign-top\"><div class=\"uagb-ifb-content\"><div class=\"uagb-ifb-icon-wrap\"><svg xmlns=\"https:\/\/www.w3.org\/2000\/svg\" viewBox=\"0 0 576 512\"><path d=\"M342.7 352.7c5.75-9.625 9.25-20.75 9.25-32.75c0-35.25-28.75-64-63.1-64c-17.25 0-32.75 6.875-44.25 17.87C227.4 244.2 196.2 223.1 159.1 223.1c-53 0-96 43.06-96 96.06c0 2 .5029 3.687 .6279 5.687c-37.5 13-64.62 48.38-64.62 90.25C-.0048 468.1 42.99 512 95.99 512h239.1c44.25 0 79.1-35.75 79.1-80C415.1 390.1 383.7 356.2 342.7 352.7zM565.2 298.4c-93 17.75-178.5-53.62-178.5-147.6c0-54.25 28.1-104 76.12-130.9c7.375-4.125 5.375-15.12-2.75-16.63C448.4 1.125 436.7 0 424.1 0c-105.9 0-191.9 85.88-191.9 192c0 8.5 .625 16.75 1.75 25c5.875 4.25 11.62 8.875 16.75 14.25C262.1 226.5 275.2 224 287.1 224c52.88 0 95.1 43.13 95.1 96c0 3.625-.25 7.25-.625 10.75c23.62 10.75 42.37 29.5 53.5 52.5c54.38-3.375 103.7-29.25 137.1-70.37C579.2 306.4 573.5 296.8 565.2 298.4z\"><\/path><\/svg><\/div><div class=\"uagb-ifb-title-wrap\"><h3 class=\"uagb-ifb-title\">Nachtaktionen<\/h3><\/div><p class=\"uagb-ifb-desc\">Bei verschiedenen Aktionen k\u00f6nnen wir den Wald bei Nacht erleben und kennen lernen. W\u00e4hrend sich die Augen ohne k\u00fcnstliches Licht an die Dunkelheit gew\u00f6hnen, k\u00f6nnen wir zunehmend unsere \u00c4ngste ablegen und die Stille und Sch\u00f6nheit des n\u00e4chtlichen Waldes erleben. Es geht darum, die Dunkelheit als eigene Qualit\u00e4t und spannenden Erlebnisraum f\u00fcr Gro\u00df und Klein wieder zu entdecken. Am Ende werden alle mit mehr Gelassenheit und Freude dem n\u00e4chtlichen Wald begegnen.<\/p><\/div><\/div>\n<\/div>\n\n\n\n<div class=\"wp-block-uagb-container uagb-block-a739df2e\">\n<div class=\"wp-block-uagb-info-box uagb-block-a1166cc1 uagb-infobox__content-wrap  uagb-infobox-icon-above-title uagb-infobox-image-valign-top\"><div class=\"uagb-ifb-content\"><div class=\"uagb-ifb-icon-wrap\"><svg xmlns=\"https:\/\/www.w3.org\/2000\/svg\" viewBox=\"0 0 448 512\"><path d=\"M413.8 447.1L256 448l0 31.99C256 497.7 241.8 512 224.1 512c-17.67 0-32.1-14.32-32.1-31.99l0-31.99l-158.9-.0099c-28.5 0-43.69-34.49-24.69-56.4l68.98-79.59H62.22c-25.41 0-39.15-29.8-22.67-49.13l60.41-70.85H89.21c-21.28 0-32.87-22.5-19.28-37.31l134.8-146.5c10.4-11.3 28.22-11.3 38.62-.0033l134.9 146.5c13.62 14.81 2.001 37.31-19.28 37.31h-10.77l60.35 70.86c16.46 19.34 2.716 49.12-22.68 49.12h-15.2l68.98 79.59C458.7 413.7 443.1 447.1 413.8 447.1z\"><\/path><\/svg><\/div><div class=\"uagb-ifb-title-wrap\"><h3 class=\"uagb-ifb-title\">B\u00e4ume \/ Lebensraum Wald<\/h3><\/div><p class=\"uagb-ifb-desc\">Wir wollen uns auf verschiedene Weise spielerisch den B\u00e4umen und dem Lebensraum Wald ann\u00e4hern und uns mit allen Sinnen damit vertraut machen. Dabei flie\u00dfen spannende Informationen \u00fcber die einzelnen Baumarten und das gesamte \u00d6kosystem Wald erlebnisorientiert mit ein.<\/p><\/div><\/div>\n<\/div>\n\n\n\n<div class=\"wp-block-uagb-container uagb-block-0c20a6ec\">\n<div class=\"wp-block-uagb-info-box uagb-block-cf43b68c uagb-infobox__content-wrap  uagb-infobox-icon-above-title uagb-infobox-image-valign-top\"><div class=\"uagb-ifb-content\"><div class=\"uagb-ifb-icon-wrap\"><svg xmlns=\"https:\/\/www.w3.org\/2000\/svg\" viewBox=\"0 0 640 512\"><path d=\"M523.9 31.1H574C603.4 31.1 628.1 51.99 636.1 80.48L640 95.1L544 119.1V191.1C544 279.1 484.9 354.1 404.2 376.8L446.2 478.9C451.2 491.1 445.4 505.1 433.1 510.2C420.9 515.2 406.9 509.4 401.8 497.1L355.2 383.1C354.1 383.1 353.1 384 352 384H311.1L350.2 478.9C355.2 491.1 349.4 505.1 337.1 510.2C324.9 515.2 310.9 509.4 305.8 497.1L259.2 384H126.1L51.51 441.4C37.5 452.1 17.41 449.5 6.638 435.5C-4.138 421.5-1.517 401.4 12.49 390.6L368 117.2V88C368 39.4 407.4 0 456 0C483.3 0 507.7 12.46 523.9 32V31.1zM456 111.1C469.3 111.1 480 101.3 480 87.1C480 74.74 469.3 63.1 456 63.1C442.7 63.1 432 74.74 432 87.1C432 101.3 442.7 111.1 456 111.1z\"><\/path><\/svg><\/div><div class=\"uagb-ifb-title-wrap\"><h3 class=\"uagb-ifb-title\">V\u00f6gel<\/h3><\/div><p class=\"uagb-ifb-desc\">Je nach Jahreszeit werden wir den heimischen V\u00f6geln mehr oder weniger deutlich begegnen und lernen ihre Lebensweise kennen. Spielerisch werden wir uns mit ihren allt\u00e4glichen Aufgaben besch\u00e4ftigen und dabei viel \u00fcber das Wesen der V\u00f6gel erfahren. Au\u00dferdem werden wir auch das spannende Alarmsystem der V\u00f6gel im Wald kennen lernen.<\/p><\/div><\/div>\n<\/div>\n\n\n\n<div class=\"wp-block-uagb-container uagb-block-d8748855\">\n<div class=\"wp-block-uagb-info-box uagb-block-2cdea0cd uagb-infobox__content-wrap  uagb-infobox-icon-above-title uagb-infobox-image-valign-top\"><div class=\"uagb-ifb-content\"><div class=\"uagb-ifb-icon-wrap\"><svg xmlns=\"https:\/\/www.w3.org\/2000\/svg\" viewBox=\"0 0 576 512\"><path d=\"M549.8 237.5c-31.23-5.719-46.84-20.06-47.13-20.31C490.4 205 470.3 205.1 457.7 216.8c-1 .9375-25.14 23-73.73 23s-72.73-22.06-73.38-22.62C298.4 204.9 278.3 205.1 265.7 216.8c-1 .9375-25.14 23-73.73 23S119.3 217.8 118.6 217.2C106.4 204.9 86.35 205 73.74 216.9C73.09 217.4 57.48 231.8 26.24 237.5c-17.38 3.188-28.89 19.84-25.72 37.22c3.188 17.38 19.78 29.09 37.25 25.72C63.1 295.8 82.49 287.1 95.96 279.2c19.5 11.53 51.47 24.68 96.04 24.68c44.55 0 76.49-13.12 96-24.65c19.52 11.53 51.45 24.59 96 24.59c44.58 0 76.55-13.09 96.05-24.62c13.47 7.938 32.86 16.62 58.19 21.25c17.56 3.375 34.06-8.344 37.25-25.72C578.7 257.4 567.2 240.7 549.8 237.5zM549.8 381.7c-31.23-5.719-46.84-20.06-47.13-20.31c-12.22-12.19-32.31-12.12-44.91-.375C456.7 361.9 432.6 384 384 384s-72.73-22.06-73.38-22.62c-12.22-12.25-32.3-12.12-44.89-.375C264.7 361.9 240.6 384 192 384s-72.73-22.06-73.38-22.62c-12.22-12.25-32.28-12.16-44.89-.3438c-.6562 .5938-16.27 14.94-47.5 20.66c-17.38 3.188-28.89 19.84-25.72 37.22C3.713 436.3 20.31 448 37.78 444.6C63.1 440 82.49 431.3 95.96 423.4c19.5 11.53 51.51 24.62 96.08 24.62c44.55 0 76.45-13.06 95.96-24.59C307.5 434.9 339.5 448 384.1 448c44.58 0 76.5-13.09 95.1-24.62c13.47 7.938 32.86 16.62 58.19 21.25C555.8 448 572.3 436.3 575.5 418.9C578.7 401.5 567.2 384.9 549.8 381.7zM37.78 156.4c25.33-4.625 44.72-13.31 58.19-21.25c19.5 11.53 51.47 24.68 96.04 24.68c44.55 0 76.49-13.12 96-24.65c19.52 11.53 51.45 24.59 96 24.59c44.58 0 76.55-13.09 96.05-24.62c13.47 7.938 32.86 16.62 58.19 21.25c17.56 3.375 34.06-8.344 37.25-25.72c3.172-17.38-8.344-34.03-25.72-37.22c-31.23-5.719-46.84-20.06-47.13-20.31c-12.22-12.19-32.31-12.12-44.91-.375c-1 .9375-25.14 23-73.73 23s-72.73-22.06-73.38-22.62c-12.22-12.25-32.3-12.12-44.89-.375c-1 .9375-25.14 23-73.73 23S119.3 73.76 118.6 73.2C106.4 60.95 86.35 61.04 73.74 72.85C73.09 73.45 57.48 87.79 26.24 93.51c-17.38 3.188-28.89 19.84-25.72 37.22C3.713 148.1 20.31 159.8 37.78 156.4z\"><\/path><\/svg><\/div><div class=\"uagb-ifb-title-wrap\"><h3 class=\"uagb-ifb-title\">Bachungeheuern auf der Spur<\/h3><\/div><p class=\"uagb-ifb-desc\">Mit Keschern und Becherlupen werden wir der verborgenen Welt der kleinen Wasserlebewesen auf die Spur kommen. Dabei werden wir auf viele sehr urige und ungeheuerliche Tiere treffen, die sich fantastisch an ihren Lebensraum angepasst haben. Dadurch erfahren wir gleichzeitig auch etwas \u00fcber die Gew\u00e4sserqualit\u00e4t, in der sie leben.<\/p><\/div><\/div>\n<\/div>\n\n\n\n<div style=\"height:50px\" aria-hidden=\"true\" class=\"wp-block-spacer\"><\/div>\n<\/div><\/div>\n\n\n\n<div class=\"wp-block-uagb-container uagb-block-f5d7f32e alignfull uagb-is-root-container\"><div class=\"uagb-container-inner-blocks-wrap\">\n<div style=\"height:45px\" aria-hidden=\"true\" class=\"wp-block-spacer\"><\/div>\n\n\n\n<div class=\"wp-block-uagb-call-to-action uagb-block-5b4cdb37 wp-block-button\"><div class=\"uagb-cta__wrap\"><h3 class=\"uagb-cta__title\"><strong>Aktuelle Termine auf Anfrage.<\/strong><\/h3><p class=\"uagb-cta__desc\"><strong> Es sind auch individuelle Termine f\u00fcr einzelne Personen m\u00f6glich.<\/strong><br> <br>  <\/p><\/div><div class=\"uagb-cta__buttons\"><a href=\"\/\/waldwelten-thueringen.de\/?page_id=1855\" class=\"uagb-cta__button-link-wrapper wp-block-button__link\" target=\"_self\" rel=\"noopener noreferrer\">Jetzt anfragen<\/a><\/div><\/div>\n\n\n\n<div style=\"height:45px\" aria-hidden=\"true\" class=\"wp-block-spacer\"><\/div>\n<\/div><\/div>\n","protected":false},"excerpt":{"rendered":"","protected":false},"author":1,"featured_media":0,"parent":0,"menu_order":0,"comment_status":"closed","ping_status":"closed","template":"","meta":{"om_disable_all_campaigns":false,"_monsterinsights_skip_tracking":false,"_monsterinsights_sitenote_active":false,"_monsterinsights_sitenote_note":"","_monsterinsights_sitenote_category":0,"site-sidebar-layout":"no-sidebar","site-content-layout":"plain-container","ast-global-header-display":"","ast-main-header-display":"","ast-hfb-above-header-display":"","ast-hfb-below-header-display":"","ast-hfb-mobile-header-display":"","site-post-title":"disabled","ast-breadcrumbs-content":"","ast-featured-img":"disabled","footer-sml-layout":"","theme-transparent-header-meta":"enabled","adv-header-id-meta":"","stick-header-meta":"","header-above-stick-meta":"","header-main-stick-meta":"","header-below-stick-meta":"","footnotes":""},"class_list":["post-2273","page","type-page","status-publish","hentry"],"aioseo_notices":[],"uagb_featured_image_src":{"full":false,"thumbnail":false,"medium":false,"medium_large":false,"large":false,"1536x1536":false,"2048x2048":false},"uagb_author_info":{"display_name":"admin","author_link":"http:\/\/waldwelten-thueringen.de\/?author=1"},"uagb_comment_info":0,"uagb_excerpt":null,"_links":{"self":[{"href":"http:\/\/waldwelten-thueringen.de\/index.php?rest_route=\/wp\/v2\/pages\/2273","targetHints":{"allow":["GET"]}}],"collection":[{"href":"http:\/\/waldwelten-thueringen.de\/index.php?rest_route=\/wp\/v2\/pages"}],"about":[{"href":"http:\/\/waldwelten-thueringen.de\/index.php?rest_route=\/wp\/v2\/types\/page"}],"author":[{"embeddable":true,"href":"http:\/\/waldwelten-thueringen.de\/index.php?rest_route=\/wp\/v2\/users\/1"}],"replies":[{"embeddable":true,"href":"http:\/\/waldwelten-thueringen.de\/index.php?rest_route=%2Fwp%2Fv2%2Fcomments&post=2273"}],"version-history":[{"count":9,"href":"http:\/\/waldwelten-thueringen.de\/index.php?rest_route=\/wp\/v2\/pages\/2273\/revisions"}],"predecessor-version":[{"id":2375,"href":"http:\/\/waldwelten-thueringen.de\/index.php?rest_route=\/wp\/v2\/pages\/2273\/revisions\/2375"}],"wp:attachment":[{"href":"http:\/\/waldwelten-thueringen.de\/index.php?rest_route=%2Fwp%2Fv2%2Fmedia&parent=2273"}],"curies":[{"name":"wp","href":"https:\/\/api.w.org\/{rel}","templated":true}]}}